{"id":2,"date":"2025-11-16T16:09:47","date_gmt":"2025-11-16T19:09:47","guid":{"rendered":"http:\/\/hugdigital.com.br\/?page_id=2"},"modified":"2025-11-16T16:58:46","modified_gmt":"2025-11-16T19:58:46","slug":"home","status":"publish","type":"page","link":"https:\/\/hugdigital.com.br\/","title":{"rendered":""},"content":{"rendered":"\n<p><\/p>\n\n\n\n<h1 class=\"wp-block-heading alignwide has-text-align-center has-x-large-font-size\"><strong>Cria\u00e7\u00e3o de Sites Profissionais<\/strong><\/h1>\n\n\n\n<p class=\"has-text-align-center\">Precisando de mais clientes?<\/p>\n\n\n<!DOCTYPE html>\n<html lang=\"pt-br\">\n<head>\n    <meta charset=\"UTF-8\">\n    <title>Cria\u00e7\u00e3o de Sites<\/title>\n    <style>\n        body {\n            font-family: Arial, sans-serif;\n            text-align: center; \/* Centraliza tudo *\/\n            margin-top: 60px;\n        }\n\n        .whatsapp-btn {\n            display: inline-flex;\n            align-items: center;\n            background-color: #25D366;\n            color: white;\n            padding: 14px 22px;\n            border-radius: 30px;\n            font-size: 18px;\n            text-decoration: none;\n            font-weight: bold;\n            margin-top: 20px;\n        }\n\n        .whatsapp-btn:hover {\n            background-color: #1ebe5c;\n        }\n\n        .whatsapp-btn img {\n            width: 26px;\n            height: 26px;\n            margin-right: 10px;\n        }\n    <\/style>\n<\/head>\n<body>\n\n    <a class=\"whatsapp-btn\" \n       href=\"https:\/\/wa.me\/5519991376582\" \n       target=\"_blank\">\n        <img decoding=\"async\" src=\"https:\/\/upload.wikimedia.org\/wikipedia\/commons\/6\/6b\/WhatsApp.svg\" alt=\"WhatsApp\">\n        19 99137-6582\n    <\/a>\n\n<\/body>\n<\/html>\n\n\n<p><\/p>\n\n\n\n<p><\/p>\n\n\n\n<p><\/p>\n\n\n\n<p><\/p>\n\n\n<br>\n<br><br><br>\n<p class=\"has-text-align-center has-foreground-color has-text-color has-link-color\" style=\"font-family: Arial; font-size: 12px; text-transform: lowercase; color: #777777;\">\n  <a href=\"http:\/\/hugwebsites.com.br\" target=\"_blank\" rel=\"noopener noreferrer\" style=\"font-family: Arial; font-size: 12px; text-transform: lowercase; color: #777777;\">\n    hugwebsites.com.br\n  <\/a>\n<\/p>\n","protected":false},"excerpt":{"rendered":"<p>Cria\u00e7\u00e3o de Sites Profissionais Precisando de mais clientes? Cria\u00e7\u00e3o de Sites 19 99137-6582 hugwebsites.com.br<\/p>\n","protected":false},"author":1,"featured_media":0,"parent":0,"menu_order":0,"comment_status":"closed","ping_status":"closed","template":"page-no-title","meta":{"footnotes":""},"class_list":["post-2","page","type-page","status-publish","hentry"],"_links":{"self":[{"href":"https:\/\/hugdigital.com.br\/index.php\/wp-json\/wp\/v2\/pages\/2","targetHints":{"allow":["GET"]}}],"collection":[{"href":"https:\/\/hugdigital.com.br\/index.php\/wp-json\/wp\/v2\/pages"}],"about":[{"href":"https:\/\/hugdigital.com.br\/index.php\/wp-json\/wp\/v2\/types\/page"}],"author":[{"embeddable":true,"href":"https:\/\/hugdigital.com.br\/index.php\/wp-json\/wp\/v2\/users\/1"}],"replies":[{"embeddable":true,"href":"https:\/\/hugdigital.com.br\/index.php\/wp-json\/wp\/v2\/comments?post=2"}],"version-history":[{"count":16,"href":"https:\/\/hugdigital.com.br\/index.php\/wp-json\/wp\/v2\/pages\/2\/revisions"}],"predecessor-version":[{"id":32,"href":"https:\/\/hugdigital.com.br\/index.php\/wp-json\/wp\/v2\/pages\/2\/revisions\/32"}],"wp:attachment":[{"href":"https:\/\/hugdigital.com.br\/index.php\/wp-json\/wp\/v2\/media?parent=2"}],"curies":[{"name":"wp","href":"https:\/\/api.w.org\/{rel}","templated":true}]}}